{"id":3704,"date":"2025-05-09T14:39:31","date_gmt":"2025-05-09T14:39:31","guid":{"rendered":"https:\/\/clarkagsystems.com\/?post_type=product&#038;p=3704"},"modified":"2025-05-27T15:56:11","modified_gmt":"2025-05-27T15:56:11","slug":"corax-hato-copy","status":"publish","type":"product","link":"https:\/\/clarkagsystems.com\/fr\/poultry-equipment-for-sale\/equipement-de-production-de-dinde\/corax-hato-copy\/","title":{"rendered":"CBM Lighting S\u00e9rie TL"},"content":{"rendered":"<p>La s\u00e9rie TL de CBM Lighting offre un \u00e9clairage LED performant et \u00e9conome en \u00e9nergie, con\u00e7u sp\u00e9cifiquement pour la production de poulets de chair. Con\u00e7ue pour durer et \u00eatre adapt\u00e9e aux oiseaux, elle contribue \u00e0 am\u00e9liorer le bien-\u00eatre du troupeau tout en r\u00e9duisant les co\u00fbts \u00e9nerg\u00e9tiques.<\/p>\n<ul>\n<li>Distribution de la lumi\u00e8re sur 360\u00b0 pour une couverture homog\u00e8ne de l&rsquo;\u00e9table.<\/li>\n<li>Disponible en plusieurs longueurs, puissances et temp\u00e9ratures de couleur (par exemple, 3000K pour le soutien \u00e0 la croissance).<\/li>\n<li>Dimmable pour imiter la lumi\u00e8re du jour et favoriser le comportement sain des oiseaux.<\/li>\n<li>Class\u00e9 IP66 pour une r\u00e9sistance \u00e0 l&rsquo;eau et \u00e0 la poussi\u00e8re dans les environnements difficiles des \u00e9tables.<\/li>\n<li>Faible consommation d&rsquo;\u00e9nergie avec des performances \u00e9lev\u00e9es et durables.<\/li>\n<\/ul>\n","protected":false},"excerpt":{"rendered":"La s\u00e9rie TL de CBM Lighting offre un \u00e9clairage LED performant et \u00e9conome en \u00e9nergie, con\u00e7u sp\u00e9cifiquement pour la production de poulets de chair. Con\u00e7ue pour durer et \u00eatre adapt\u00e9e aux oiseaux, elle contribue \u00e0 am\u00e9liorer le bien-\u00eatre du troupeau tout en r\u00e9duisant les co\u00fbts \u00e9nerg\u00e9tiques. Distribution de la lumi\u00e8re sur 360\u00b0 pour une couverture&#8230;","protected":false},"featured_media":3561,"template":"","meta":{"_acf_changed":false,"_themeisle_gutenberg_block_has_review":false},"product_brand":[],"product_cat":[1533],"product_tag":[],"class_list":{"0":"post-3704","1":"product","2":"type-product","3":"status-publish","4":"has-post-thumbnail","6":"product_cat-eclairage-equipement-de-production-de-dinde","8":"first","9":"instock","10":"taxable","11":"shipping-taxable","12":"product-type-simple"},"acf":[],"_links":{"self":[{"href":"https:\/\/clarkagsystems.com\/fr\/wp-json\/wp\/v2\/product\/3704","targetHints":{"allow":["GET"]}}],"collection":[{"href":"https:\/\/clarkagsystems.com\/fr\/wp-json\/wp\/v2\/product"}],"about":[{"href":"https:\/\/clarkagsystems.com\/fr\/wp-json\/wp\/v2\/types\/product"}],"wp:featuredmedia":[{"embeddable":true,"href":"https:\/\/clarkagsystems.com\/fr\/wp-json\/wp\/v2\/media\/3561"}],"wp:attachment":[{"href":"https:\/\/clarkagsystems.com\/fr\/wp-json\/wp\/v2\/media?parent=3704"}],"wp:term":[{"taxonomy":"product_brand","embeddable":true,"href":"https:\/\/clarkagsystems.com\/fr\/wp-json\/wp\/v2\/product_brand?post=3704"},{"taxonomy":"product_cat","embeddable":true,"href":"https:\/\/clarkagsystems.com\/fr\/wp-json\/wp\/v2\/product_cat?post=3704"},{"taxonomy":"product_tag","embeddable":true,"href":"https:\/\/clarkagsystems.com\/fr\/wp-json\/wp\/v2\/product_tag?post=3704"}],"curies":[{"name":"wp","href":"https:\/\/api.w.org\/{rel}","templated":true}]}}