{"id":3717,"date":"2021-06-03T21:03:36","date_gmt":"2021-06-03T21:03:36","guid":{"rendered":"https:\/\/clarkagsystems.com\/?post_type=product&#038;p=3717"},"modified":"2025-06-10T17:30:06","modified_gmt":"2025-06-10T17:30:06","slug":"tecno-vs-224","status":"publish","type":"product","link":"https:\/\/clarkagsystems.com\/fr\/poultry-equipment-for-sale\/equipement-de-production-d-doeufs\/tecno-vs-224\/","title":{"rendered":"Syst\u00e8me de voli\u00e8re Tecno VS 224"},"content":{"rendered":"<p>Le Tecno VS 224 est un syst\u00e8me de voli\u00e8re de grande capacit\u00e9 con\u00e7u pour optimiser la production d&rsquo;\u0153ufs tout en assurant le bien-\u00eatre des oiseaux. Son agencement modulaire permet des configurations flexibles pour r\u00e9pondre \u00e0 divers besoins op\u00e9rationnels.<\/p>\n<ul>\n<li>La configuration multi-niveaux permet de superposer les niveaux pour maximiser l&rsquo;espace et la densit\u00e9 des oiseaux.<\/li>\n<li>Tapis de nidification amovible en astroturf pour un nettoyage facile et une nidification confortable<\/li>\n<li>Les couvercles des tapis \u00e0 \u0153ufs en acier inoxydable prot\u00e8gent les \u0153ufs pendant le ramassage et am\u00e9liorent la durabilit\u00e9.<\/li>\n<li>Les mangeoires anti-gaspillage minimisent les pertes d&rsquo;aliments et favorisent la propret\u00e9<\/li>\n<li>Les perchoirs mobiles permettent une inspection facile et favorisent les comportements naturels.<\/li>\n<li>Les portes automatiques\/manuelles offrent un contr\u00f4le flexible des mouvements d&rsquo;oiseaux<\/li>\n<li>Les conduites d&rsquo;arrosage int\u00e9gr\u00e9es garantissent une hydratation constante<\/li>\n<li>L&rsquo;\u00e9clairage LED am\u00e9liore la visibilit\u00e9 et peut \u00eatre ajust\u00e9 pour influencer l&rsquo;activit\u00e9 des oiseaux.<\/li>\n<\/ul>\n<p>Syst\u00e8me de couches combin\u00e9es<\/p>\n","protected":false},"excerpt":{"rendered":"Le Tecno VS 224 est un syst\u00e8me de voli\u00e8re de grande capacit\u00e9 con\u00e7u pour optimiser la production d&rsquo;\u0153ufs tout en assurant le bien-\u00eatre des oiseaux. Son agencement modulaire permet des configurations flexibles pour r\u00e9pondre \u00e0 divers besoins op\u00e9rationnels. La configuration multi-niveaux permet de superposer les niveaux pour maximiser l&rsquo;espace et la densit\u00e9 des oiseaux. Tapis&#8230;","protected":false},"featured_media":3249,"template":"","meta":{"_acf_changed":false,"_themeisle_gutenberg_block_has_review":false},"product_brand":[],"product_cat":[1517],"product_tag":[],"class_list":{"0":"post-3717","1":"product","2":"type-product","3":"status-publish","4":"has-post-thumbnail","6":"product_cat-systeme-a-voliere-pour-pondeuse-equipement-de-production-d-doeufs","8":"first","9":"instock","10":"taxable","11":"shipping-taxable","12":"product-type-simple"},"acf":[],"_links":{"self":[{"href":"https:\/\/clarkagsystems.com\/fr\/wp-json\/wp\/v2\/product\/3717","targetHints":{"allow":["GET"]}}],"collection":[{"href":"https:\/\/clarkagsystems.com\/fr\/wp-json\/wp\/v2\/product"}],"about":[{"href":"https:\/\/clarkagsystems.com\/fr\/wp-json\/wp\/v2\/types\/product"}],"wp:featuredmedia":[{"embeddable":true,"href":"https:\/\/clarkagsystems.com\/fr\/wp-json\/wp\/v2\/media\/3249"}],"wp:attachment":[{"href":"https:\/\/clarkagsystems.com\/fr\/wp-json\/wp\/v2\/media?parent=3717"}],"wp:term":[{"taxonomy":"product_brand","embeddable":true,"href":"https:\/\/clarkagsystems.com\/fr\/wp-json\/wp\/v2\/product_brand?post=3717"},{"taxonomy":"product_cat","embeddable":true,"href":"https:\/\/clarkagsystems.com\/fr\/wp-json\/wp\/v2\/product_cat?post=3717"},{"taxonomy":"product_tag","embeddable":true,"href":"https:\/\/clarkagsystems.com\/fr\/wp-json\/wp\/v2\/product_tag?post=3717"}],"curies":[{"name":"wp","href":"https:\/\/api.w.org\/{rel}","templated":true}]}}