{"id":3743,"date":"2021-06-03T21:03:29","date_gmt":"2021-06-03T21:03:29","guid":{"rendered":"https:\/\/clarkagsystems.com\/?post_type=product&#038;p=3743"},"modified":"2025-06-10T17:09:22","modified_gmt":"2025-06-10T17:09:22","slug":"collection-doeufs-niagara-de-techno-2","status":"publish","type":"product","link":"https:\/\/clarkagsystems.com\/fr\/poultry-equipment-for-sale\/equipement-de-production-d-doeufs\/collection-doeufs-niagara-de-techno-2\/","title":{"rendered":"Collection d&rsquo;\u0153ufs Tecno Niagara"},"content":{"rendered":"<p>La collection d&rsquo;\u0153ufs Tecno Niagara comprend deux \u00e9l\u00e9vateurs \u00e0 courroies et rubans, un de chaque c\u00f4t\u00e9 du syst\u00e8me, reli\u00e9s au motor\u00e9ducteur d&rsquo;entra\u00eenement par un joint t\u00e9lescopique. Des chemins de roulement sont inclus pour relier et soutenir les bandes de jute jusqu&rsquo;aux repose-pieds des syst\u00e8mes et \u00e0 l&rsquo;unit\u00e9 de retour. Niagara comprend \u00e9galement 2 convoyeurs et 2 t\u00eates de remorquage avec brosses pour chaque niveau du syst\u00e8me. Pour ces accessoires, la hauteur de la t\u00eate est telle qu&rsquo;elle permet le montage a\u00e9rien de la centralisation des \u0153ufs, en plus de la position traditionnelle au sol. Des \u00e9tag\u00e8res de support du porte-\u0153ufs sont incluses.    <\/p>\n<p>Syst\u00e8mes de voli\u00e8re, de ponte combin\u00e9e et de ponte enrichie<\/p>\n","protected":false},"excerpt":{"rendered":"La collection d&rsquo;\u0153ufs Tecno Niagara comprend deux \u00e9l\u00e9vateurs \u00e0 courroies et rubans, un de chaque c\u00f4t\u00e9 du syst\u00e8me, reli\u00e9s au motor\u00e9ducteur d&rsquo;entra\u00eenement par un joint t\u00e9lescopique. Des chemins de roulement sont inclus pour relier et soutenir les bandes de jute jusqu&rsquo;aux repose-pieds des syst\u00e8mes et \u00e0 l&rsquo;unit\u00e9 de retour. Niagara comprend \u00e9galement 2 convoyeurs et&#8230;","protected":false},"featured_media":3244,"template":"","meta":{"_acf_changed":false,"_themeisle_gutenberg_block_has_review":false},"product_brand":[],"product_cat":[1517],"product_tag":[],"class_list":{"0":"post-3743","1":"product","2":"type-product","3":"status-publish","4":"has-post-thumbnail","6":"product_cat-systeme-a-voliere-pour-pondeuse-equipement-de-production-d-doeufs","8":"first","9":"instock","10":"taxable","11":"shipping-taxable","12":"product-type-simple"},"acf":[],"_links":{"self":[{"href":"https:\/\/clarkagsystems.com\/fr\/wp-json\/wp\/v2\/product\/3743","targetHints":{"allow":["GET"]}}],"collection":[{"href":"https:\/\/clarkagsystems.com\/fr\/wp-json\/wp\/v2\/product"}],"about":[{"href":"https:\/\/clarkagsystems.com\/fr\/wp-json\/wp\/v2\/types\/product"}],"wp:featuredmedia":[{"embeddable":true,"href":"https:\/\/clarkagsystems.com\/fr\/wp-json\/wp\/v2\/media\/3244"}],"wp:attachment":[{"href":"https:\/\/clarkagsystems.com\/fr\/wp-json\/wp\/v2\/media?parent=3743"}],"wp:term":[{"taxonomy":"product_brand","embeddable":true,"href":"https:\/\/clarkagsystems.com\/fr\/wp-json\/wp\/v2\/product_brand?post=3743"},{"taxonomy":"product_cat","embeddable":true,"href":"https:\/\/clarkagsystems.com\/fr\/wp-json\/wp\/v2\/product_cat?post=3743"},{"taxonomy":"product_tag","embeddable":true,"href":"https:\/\/clarkagsystems.com\/fr\/wp-json\/wp\/v2\/product_tag?post=3743"}],"curies":[{"name":"wp","href":"https:\/\/api.w.org\/{rel}","templated":true}]}}