{"id":3746,"date":"2021-06-03T21:03:28","date_gmt":"2021-06-03T21:03:28","guid":{"rendered":"https:\/\/clarkagsystems.com\/?post_type=product&#038;p=3746"},"modified":"2025-06-10T17:27:20","modified_gmt":"2025-06-10T17:27:20","slug":"tecno-ideal-plus","status":"publish","type":"product","link":"https:\/\/clarkagsystems.com\/fr\/poultry-equipment-for-sale\/equipement-de-production-d-doeufs\/tecno-ideal-plus\/","title":{"rendered":"Tecno Ideal PLUS"},"content":{"rendered":"<p>Le Tecno Ideal PLUS est un syst\u00e8me d&rsquo;\u00e9levage efficace et bien ventil\u00e9, con\u00e7u pour favoriser le d\u00e9veloppement des poulettes et simplifier les op\u00e9rations quotidiennes dans le poulailler. Des cloisons en maille am\u00e9liorent la circulation de l&rsquo;air et l&rsquo;\u00e9clairage, tandis qu&rsquo;une porte \u00e0 ressort situ\u00e9e au centre permet un acc\u00e8s s\u00fbr et facile pendant la gestion du troupeau. Avec des mangeoires r\u00e9glables et des options d&rsquo;alimentation flexibles, le syst\u00e8me concilie le bien-\u00eatre des oiseaux et l&rsquo;efficacit\u00e9 op\u00e9rationnelle.<\/p>\n<ul>\n<li>Les s\u00e9parateurs en maille am\u00e9liorent la circulation de l&rsquo;air et la r\u00e9partition de la lumi\u00e8re.<\/li>\n<li>La porte centrale \u00e0 ressort permet une entr\u00e9e s\u00fbre et efficace.<\/li>\n<li>Les mangeoires anti-gaspillage sont faciles \u00e0 adapter aux diff\u00e9rents stades de d\u00e9veloppement des oiseaux.<\/li>\n<li>Compatible avec les syst\u00e8mes d&rsquo;alimentation par cha\u00eene plate ou par chariot.<\/li>\n<li>Conduits d&rsquo;arrosage int\u00e9gr\u00e9s pour un acc\u00e8s constant.<\/li>\n<li>Le souffleur de pollen optionnel am\u00e9liore la qualit\u00e9 de l&rsquo;air et la sant\u00e9 des oiseaux.<\/li>\n<\/ul>\n<p>Voli\u00e8re, combin\u00e9e, enrichie, \u00e9levage de poulettes Syst\u00e8mes d&rsquo;\u00e9levage de poulettes conventionnels et combin\u00e9s<\/p>\n","protected":false},"excerpt":{"rendered":"Le Tecno Ideal PLUS est un syst\u00e8me d&rsquo;\u00e9levage efficace et bien ventil\u00e9, con\u00e7u pour favoriser le d\u00e9veloppement des poulettes et simplifier les op\u00e9rations quotidiennes dans le poulailler. Des cloisons en maille am\u00e9liorent la circulation de l&rsquo;air et l&rsquo;\u00e9clairage, tandis qu&rsquo;une porte \u00e0 ressort situ\u00e9e au centre permet un acc\u00e8s s\u00fbr et facile pendant la gestion&#8230;","protected":false},"featured_media":3243,"template":"","meta":{"_acf_changed":false,"_themeisle_gutenberg_block_has_review":false},"product_brand":[],"product_cat":[1517],"product_tag":[],"class_list":{"0":"post-3746","1":"product","2":"type-product","3":"status-publish","4":"has-post-thumbnail","6":"product_cat-systeme-a-voliere-pour-pondeuse-equipement-de-production-d-doeufs","8":"first","9":"instock","10":"taxable","11":"shipping-taxable","12":"product-type-simple"},"acf":[],"_links":{"self":[{"href":"https:\/\/clarkagsystems.com\/fr\/wp-json\/wp\/v2\/product\/3746","targetHints":{"allow":["GET"]}}],"collection":[{"href":"https:\/\/clarkagsystems.com\/fr\/wp-json\/wp\/v2\/product"}],"about":[{"href":"https:\/\/clarkagsystems.com\/fr\/wp-json\/wp\/v2\/types\/product"}],"wp:featuredmedia":[{"embeddable":true,"href":"https:\/\/clarkagsystems.com\/fr\/wp-json\/wp\/v2\/media\/3243"}],"wp:attachment":[{"href":"https:\/\/clarkagsystems.com\/fr\/wp-json\/wp\/v2\/media?parent=3746"}],"wp:term":[{"taxonomy":"product_brand","embeddable":true,"href":"https:\/\/clarkagsystems.com\/fr\/wp-json\/wp\/v2\/product_brand?post=3746"},{"taxonomy":"product_cat","embeddable":true,"href":"https:\/\/clarkagsystems.com\/fr\/wp-json\/wp\/v2\/product_cat?post=3746"},{"taxonomy":"product_tag","embeddable":true,"href":"https:\/\/clarkagsystems.com\/fr\/wp-json\/wp\/v2\/product_tag?post=3746"}],"curies":[{"name":"wp","href":"https:\/\/api.w.org\/{rel}","templated":true}]}}