{"id":3761,"date":"2021-06-03T21:03:23","date_gmt":"2021-06-03T21:03:23","guid":{"rendered":"https:\/\/clarkagsystems.com\/?post_type=product&#038;p=3761"},"modified":"2025-05-28T16:32:25","modified_gmt":"2025-05-28T16:32:25","slug":"tecno-as-480","status":"publish","type":"product","link":"https:\/\/clarkagsystems.com\/fr\/poultry-equipment-for-sale\/equipement-de-production-d-doeufs\/tecno-as-480\/","title":{"rendered":"Tecno AS 480"},"content":{"rendered":"<p>La voli\u00e8re Tecno AS 480 est con\u00e7ue pour maximiser l&rsquo;espace et le volume, favorisant ainsi les mouvements des oiseaux. Cette conception r\u00e9duit le risque de suffocation en encourageant les poules \u00e0 passer moins de temps dans les nids, am\u00e9liorant ainsi le bien-\u00eatre des volailles et garantissant une productivit\u00e9 \u00e9lev\u00e9e.   <\/p>\n<ul>\n<li>Les nids amovibles et autonettoyants en astroturf pr\u00e9servent l&rsquo;hygi\u00e8ne et la qualit\u00e9 des \u0153ufs.<\/li>\n<li>Les couvercles en acier inoxydable prot\u00e8gent les bandes d&rsquo;\u0153ufs de la contamination.<\/li>\n<li>Les mangeoires dot\u00e9es de profils anti-gaspillage r\u00e9duisent les pertes d&rsquo;aliments.<\/li>\n<li>Les perchoirs mobiles facilitent les inspections et encouragent les comportements naturels.<\/li>\n<li>Les portes automatiques\/manuelles am\u00e9liorent la flexibilit\u00e9 de la gestion.<\/li>\n<li>Les tuyaux d&rsquo;arrosage int\u00e9gr\u00e9s assurent un acc\u00e8s constant \u00e0 l&rsquo;eau.<\/li>\n<li>Les profils de protection des \u0153ufs en acier inoxydable garantissent la s\u00e9curit\u00e9 des \u0153ufs pendant la collecte.<\/li>\n<li>L&rsquo;\u00e9clairage LED optionnel favorise l&rsquo;efficacit\u00e9 \u00e9nerg\u00e9tique et le confort des oiseaux.<\/li>\n<\/ul>\n","protected":false},"excerpt":{"rendered":"La voli\u00e8re Tecno AS 480 est con\u00e7ue pour maximiser l&rsquo;espace et le volume, favorisant ainsi les mouvements des oiseaux. Cette conception r\u00e9duit le risque de suffocation en encourageant les poules \u00e0 passer moins de temps dans les nids, am\u00e9liorant ainsi le bien-\u00eatre des volailles et garantissant une productivit\u00e9 \u00e9lev\u00e9e. Les nids amovibles et autonettoyants en&#8230;","protected":false},"featured_media":3236,"template":"","meta":{"_acf_changed":false,"_themeisle_gutenberg_block_has_review":false},"product_brand":[],"product_cat":[1517],"product_tag":[],"class_list":{"0":"post-3761","1":"product","2":"type-product","3":"status-publish","4":"has-post-thumbnail","6":"product_cat-systeme-a-voliere-pour-pondeuse-equipement-de-production-d-doeufs","8":"first","9":"instock","10":"taxable","11":"shipping-taxable","12":"product-type-simple"},"acf":[],"_links":{"self":[{"href":"https:\/\/clarkagsystems.com\/fr\/wp-json\/wp\/v2\/product\/3761","targetHints":{"allow":["GET"]}}],"collection":[{"href":"https:\/\/clarkagsystems.com\/fr\/wp-json\/wp\/v2\/product"}],"about":[{"href":"https:\/\/clarkagsystems.com\/fr\/wp-json\/wp\/v2\/types\/product"}],"wp:featuredmedia":[{"embeddable":true,"href":"https:\/\/clarkagsystems.com\/fr\/wp-json\/wp\/v2\/media\/3236"}],"wp:attachment":[{"href":"https:\/\/clarkagsystems.com\/fr\/wp-json\/wp\/v2\/media?parent=3761"}],"wp:term":[{"taxonomy":"product_brand","embeddable":true,"href":"https:\/\/clarkagsystems.com\/fr\/wp-json\/wp\/v2\/product_brand?post=3761"},{"taxonomy":"product_cat","embeddable":true,"href":"https:\/\/clarkagsystems.com\/fr\/wp-json\/wp\/v2\/product_cat?post=3761"},{"taxonomy":"product_tag","embeddable":true,"href":"https:\/\/clarkagsystems.com\/fr\/wp-json\/wp\/v2\/product_tag?post=3761"}],"curies":[{"name":"wp","href":"https:\/\/api.w.org\/{rel}","templated":true}]}}