{"id":3784,"date":"2021-06-03T21:03:16","date_gmt":"2021-06-03T21:03:16","guid":{"rendered":"https:\/\/clarkagsystems.com\/?post_type=product&#038;p=3784"},"modified":"2025-05-28T14:28:55","modified_gmt":"2025-05-28T14:28:55","slug":"serie-vx-munters","status":"publish","type":"product","link":"https:\/\/clarkagsystems.com\/fr\/poultry-equipment-for-sale\/refroidissement-et-ventilation-de-volaille\/serie-vx-munters\/","title":{"rendered":"Ventilateurs Munters s\u00e9rie VX"},"content":{"rendered":"<p>La s\u00e9rie VX de Munters est une gamme de ventilateurs d&rsquo;extraction de premi\u00e8re qualit\u00e9, con\u00e7ue pour offrir un d\u00e9bit d&rsquo;air \u00e9lev\u00e9, une grande efficacit\u00e9 et une grande durabilit\u00e9 dans les environnements agricoles difficiles.<\/p>\n<ul>\n<li>L&rsquo;h\u00e9lice \u00e0 profil a\u00e9rodynamique en aluminium moul\u00e9 assure un d\u00e9bit d&rsquo;air \u00e9lev\u00e9 et des performances durables.<\/li>\n<li>Le bo\u00eetier en fibre de verre avec des composants en acier inoxydable r\u00e9siste \u00e0 la corrosion.<\/li>\n<li>L&rsquo;obturateur d&rsquo;admission \u00e0 bille assure une entr\u00e9e d&rsquo;air r\u00e9guli\u00e8re et une meilleure efficacit\u00e9.<\/li>\n<li>Les supports a\u00e9rodynamiques en aluminium am\u00e9liorent la r\u00e9sistance structurelle et la circulation de l&rsquo;air.<\/li>\n<li>Construit avec des moteurs \u00e0 haut rendement et des composants d&rsquo;entra\u00eenement durables pour plus de fiabilit\u00e9.<\/li>\n<li>Con\u00e7u pour r\u00e9sister aux gaz corrosifs, \u00e0 la chaleur et \u00e0 la lumi\u00e8re du soleil.<\/li>\n<\/ul>\n","protected":false},"excerpt":{"rendered":"La s\u00e9rie VX de Munters est une gamme de ventilateurs d&rsquo;extraction de premi\u00e8re qualit\u00e9, con\u00e7ue pour offrir un d\u00e9bit d&rsquo;air \u00e9lev\u00e9, une grande efficacit\u00e9 et une grande durabilit\u00e9 dans les environnements agricoles difficiles. L&rsquo;h\u00e9lice \u00e0 profil a\u00e9rodynamique en aluminium moul\u00e9 assure un d\u00e9bit d&rsquo;air \u00e9lev\u00e9 et des performances durables. Le bo\u00eetier en fibre de verre&#8230;","protected":false},"featured_media":3226,"template":"","meta":{"_acf_changed":false,"_themeisle_gutenberg_block_has_review":false},"product_brand":[],"product_cat":[1538],"product_tag":[],"class_list":{"0":"post-3784","1":"product","2":"type-product","3":"status-publish","4":"has-post-thumbnail","6":"product_cat-ventilateurs-refroidissement-et-ventilation-de-volaille","8":"first","9":"instock","10":"taxable","11":"shipping-taxable","12":"product-type-simple"},"acf":[],"_links":{"self":[{"href":"https:\/\/clarkagsystems.com\/fr\/wp-json\/wp\/v2\/product\/3784","targetHints":{"allow":["GET"]}}],"collection":[{"href":"https:\/\/clarkagsystems.com\/fr\/wp-json\/wp\/v2\/product"}],"about":[{"href":"https:\/\/clarkagsystems.com\/fr\/wp-json\/wp\/v2\/types\/product"}],"wp:featuredmedia":[{"embeddable":true,"href":"https:\/\/clarkagsystems.com\/fr\/wp-json\/wp\/v2\/media\/3226"}],"wp:attachment":[{"href":"https:\/\/clarkagsystems.com\/fr\/wp-json\/wp\/v2\/media?parent=3784"}],"wp:term":[{"taxonomy":"product_brand","embeddable":true,"href":"https:\/\/clarkagsystems.com\/fr\/wp-json\/wp\/v2\/product_brand?post=3784"},{"taxonomy":"product_cat","embeddable":true,"href":"https:\/\/clarkagsystems.com\/fr\/wp-json\/wp\/v2\/product_cat?post=3784"},{"taxonomy":"product_tag","embeddable":true,"href":"https:\/\/clarkagsystems.com\/fr\/wp-json\/wp\/v2\/product_tag?post=3784"}],"curies":[{"name":"wp","href":"https:\/\/api.w.org\/{rel}","templated":true}]}}