{"id":3800,"date":"2021-06-03T21:03:11","date_gmt":"2021-06-03T21:03:11","guid":{"rendered":"https:\/\/clarkagsystems.com\/?post_type=product&#038;p=3800"},"modified":"2025-05-27T17:34:37","modified_gmt":"2025-05-27T17:34:37","slug":"serie-genius-ge-monitrol-3","status":"publish","type":"product","link":"https:\/\/clarkagsystems.com\/fr\/poultry-equipment-for-sale\/equipement-d-elevage-de-poulets-de-chair\/serie-genius-ge-monitrol-3\/","title":{"rendered":"Monitrol Genius S\u00e9rie GE"},"content":{"rendered":"<p>La s\u00e9rie Genius GE de Monitrol offre des syst\u00e8mes de contr\u00f4le flexibles et pr\u00eats \u00e0 l&#8217;emploi pour une gestion pr\u00e9cise des b\u00e2timents d&rsquo;\u00e9levage et de stockage.  <\/p>\n<ul>\n<li>Prend en charge 2 \u00e0 4 \u00e9tages variables en utilisant les modules GE-V1 ou GE-V2.<\/li>\n<li>Contr\u00f4le jusqu&rsquo;\u00e0 8 syst\u00e8mes de ventilation ON\/OFF et 4 zones de chauffage.<\/li>\n<li>G\u00e8re 4 entr\u00e9es d&rsquo;air et 1 syst\u00e8me d&rsquo;arrosage pour un contr\u00f4le pr\u00e9cis du climat.<\/li>\n<li>\u00c9quip\u00e9 de capteurs de temp\u00e9rature et d&rsquo;humidit\u00e9 pour la surveillance int\u00e9rieure et ext\u00e9rieure.<\/li>\n<li>Stocke jusqu&rsquo;\u00e0 30 jours de donn\u00e9es historiques pour le suivi des performances.<\/li>\n<li>Enti\u00e8rement compatible avec FarmQuest pour l&rsquo;acc\u00e8s et le contr\u00f4le \u00e0 distance.<\/li>\n<\/ul>\n","protected":false},"excerpt":{"rendered":"La s\u00e9rie Genius GE de Monitrol offre des syst\u00e8mes de contr\u00f4le flexibles et pr\u00eats \u00e0 l&#8217;emploi pour une gestion pr\u00e9cise des b\u00e2timents d&rsquo;\u00e9levage et de stockage. Prend en charge 2 \u00e0 4 \u00e9tages variables en utilisant les modules GE-V1 ou GE-V2. Contr\u00f4le jusqu&rsquo;\u00e0 8 syst\u00e8mes de ventilation ON\/OFF et 4 zones de chauffage. G\u00e8re 4&#8230;","protected":false},"featured_media":3409,"template":"","meta":{"_acf_changed":false,"_themeisle_gutenberg_block_has_review":false},"product_brand":[],"product_cat":[1510],"product_tag":[],"class_list":{"0":"post-3800","1":"product","2":"type-product","3":"status-publish","4":"has-post-thumbnail","6":"product_cat-commandes-et-composantes-electriques-equipement-de-production-d-doeufs-equipement-d-elevage-de-poulets-de-chair-equipement-de-production-d-doeufs","8":"first","9":"instock","10":"taxable","11":"shipping-taxable","12":"product-type-simple"},"acf":[],"_links":{"self":[{"href":"https:\/\/clarkagsystems.com\/fr\/wp-json\/wp\/v2\/product\/3800","targetHints":{"allow":["GET"]}}],"collection":[{"href":"https:\/\/clarkagsystems.com\/fr\/wp-json\/wp\/v2\/product"}],"about":[{"href":"https:\/\/clarkagsystems.com\/fr\/wp-json\/wp\/v2\/types\/product"}],"wp:featuredmedia":[{"embeddable":true,"href":"https:\/\/clarkagsystems.com\/fr\/wp-json\/wp\/v2\/media\/3409"}],"wp:attachment":[{"href":"https:\/\/clarkagsystems.com\/fr\/wp-json\/wp\/v2\/media?parent=3800"}],"wp:term":[{"taxonomy":"product_brand","embeddable":true,"href":"https:\/\/clarkagsystems.com\/fr\/wp-json\/wp\/v2\/product_brand?post=3800"},{"taxonomy":"product_cat","embeddable":true,"href":"https:\/\/clarkagsystems.com\/fr\/wp-json\/wp\/v2\/product_cat?post=3800"},{"taxonomy":"product_tag","embeddable":true,"href":"https:\/\/clarkagsystems.com\/fr\/wp-json\/wp\/v2\/product_tag?post=3800"}],"curies":[{"name":"wp","href":"https:\/\/api.w.org\/{rel}","templated":true}]}}