{"id":3827,"date":"2021-06-03T21:03:04","date_gmt":"2021-06-03T21:03:04","guid":{"rendered":"https:\/\/clarkagsystems.com\/?post_type=product&#038;p=3827"},"modified":"2025-05-22T19:03:24","modified_gmt":"2025-05-22T19:03:24","slug":"systeme-comfort-perch-lubing-3","status":"publish","type":"product","link":"https:\/\/clarkagsystems.com\/fr\/poultry-equipment-for-sale\/equipement-de-production-d-doeufs\/systeme-comfort-perch-lubing-3\/","title":{"rendered":"Syst\u00e8me Comfort Perch LUBING"},"content":{"rendered":"<p>Le syst\u00e8me Comfort Perch LUBING est un produit \u00e9tonnant qui offre des r\u00e9sultats \u00e9tonnants. Notre syst\u00e8me de perche sans cage est con\u00e7u de mani\u00e8re ergonomique pour offrir le plus de contact et de confort aux oiseaux lorsqu&rsquo;ils se perchent. La conception de la perche champignon \u00e9pouse le contour des pattes de l&rsquo;oiseau et permet aux oiseaux de saisir la perche sans travailler pour garder leur \u00e9quilibre. Il a \u00e9t\u00e9 prouv\u00e9 que cette conception r\u00e9duit consid\u00e9rablement le stress des oiseaux et entra\u00eene une production plus \u00e9lev\u00e9e avec une mortalit\u00e9 plus faible.<\/p>\n<p>Nos syst\u00e8mes Comfort Perch peuvent facilement \u00eatre install\u00e9s sur des lattes en plastique ou du treillis m\u00e9tallique et peuvent \u00e9galement \u00eatre facilement install\u00e9s sur n&rsquo;importe quel syst\u00e8me existant. L&rsquo;installation est simple et ne n\u00e9cessite pas l&rsquo;utilisation d&rsquo;\u00e9crous, de boulons, d&rsquo;anneaux ou de clips.<\/p>\n","protected":false},"excerpt":{"rendered":"Le syst\u00e8me Comfort Perch LUBING est un produit \u00e9tonnant qui offre des r\u00e9sultats \u00e9tonnants. Notre syst\u00e8me de perche sans cage est con\u00e7u de mani\u00e8re ergonomique pour offrir le plus de contact et de confort aux oiseaux lorsqu&rsquo;ils se perchent. La conception de la perche champignon \u00e9pouse le contour des pattes de l&rsquo;oiseau et permet aux&#8230;","protected":false},"featured_media":3218,"template":"","meta":{"_acf_changed":false,"_themeisle_gutenberg_block_has_review":false},"product_brand":[],"product_cat":[1517],"product_tag":[],"class_list":{"0":"post-3827","1":"product","2":"type-product","3":"status-publish","4":"has-post-thumbnail","6":"product_cat-systeme-a-voliere-pour-pondeuse-equipement-de-production-d-doeufs","8":"first","9":"instock","10":"taxable","11":"shipping-taxable","12":"product-type-simple"},"acf":[],"_links":{"self":[{"href":"https:\/\/clarkagsystems.com\/fr\/wp-json\/wp\/v2\/product\/3827","targetHints":{"allow":["GET"]}}],"collection":[{"href":"https:\/\/clarkagsystems.com\/fr\/wp-json\/wp\/v2\/product"}],"about":[{"href":"https:\/\/clarkagsystems.com\/fr\/wp-json\/wp\/v2\/types\/product"}],"wp:featuredmedia":[{"embeddable":true,"href":"https:\/\/clarkagsystems.com\/fr\/wp-json\/wp\/v2\/media\/3218"}],"wp:attachment":[{"href":"https:\/\/clarkagsystems.com\/fr\/wp-json\/wp\/v2\/media?parent=3827"}],"wp:term":[{"taxonomy":"product_brand","embeddable":true,"href":"https:\/\/clarkagsystems.com\/fr\/wp-json\/wp\/v2\/product_brand?post=3827"},{"taxonomy":"product_cat","embeddable":true,"href":"https:\/\/clarkagsystems.com\/fr\/wp-json\/wp\/v2\/product_cat?post=3827"},{"taxonomy":"product_tag","embeddable":true,"href":"https:\/\/clarkagsystems.com\/fr\/wp-json\/wp\/v2\/product_tag?post=3827"}],"curies":[{"name":"wp","href":"https:\/\/api.w.org\/{rel}","templated":true}]}}