{"id":3829,"date":"2021-06-03T21:03:03","date_gmt":"2021-06-03T21:03:03","guid":{"rendered":"https:\/\/clarkagsystems.com\/?post_type=product&#038;p=3829"},"modified":"2025-05-28T17:06:47","modified_gmt":"2025-05-28T17:06:47","slug":"controle-declairage-intellia","status":"publish","type":"product","link":"https:\/\/clarkagsystems.com\/fr\/poultry-equipment-for-sale\/equipement-de-production-d-doeufs\/controle-declairage-intellia\/","title":{"rendered":"Syst\u00e8me de contr\u00f4le de la lumi\u00e8re Intellia"},"content":{"rendered":"<p>Le syst\u00e8me de contr\u00f4le de la lumi\u00e8re Intellia assure des transitions lumineuses douces et pr\u00e9cises pour am\u00e9liorer le confort des volailles et l&rsquo;efficacit\u00e9 globale du b\u00e2timent d&rsquo;\u00e9levage.<\/p>\n<ul>\n<li>Simule le lever et le coucher du soleil avec des changements progressifs d&rsquo;intensit\u00e9 lumineuse pour r\u00e9duire le stress des oiseaux.<\/li>\n<li>Permet des r\u00e9glages personnalis\u00e9s de la lumi\u00e8re avec des pourcentages de sortie min\/max.<\/li>\n<li>Il est dot\u00e9 d&rsquo;une horloge en temps r\u00e9el et d&rsquo;une batterie de secours pour un fonctionnement ininterrompu.<\/li>\n<li>Affiche l&rsquo;intensit\u00e9 lumineuse actuelle, l&rsquo;heure, le jour et la p\u00e9riode d&rsquo;\u00e9clairage pour faciliter le contr\u00f4le.<\/li>\n<li>Permet de cr\u00e9er des conditions d \u00ab \u00e9clairage coh\u00e9rentes et ax\u00e9es sur le bien-\u00eatre dans l&rsquo;ensemble du b\u00e2timent d \u00bb \u00e9levage.<\/li>\n<\/ul>\n","protected":false},"excerpt":{"rendered":"Le syst\u00e8me de contr\u00f4le de la lumi\u00e8re Intellia assure des transitions lumineuses douces et pr\u00e9cises pour am\u00e9liorer le confort des volailles et l&rsquo;efficacit\u00e9 globale du b\u00e2timent d&rsquo;\u00e9levage. Simule le lever et le coucher du soleil avec des changements progressifs d&rsquo;intensit\u00e9 lumineuse pour r\u00e9duire le stress des oiseaux. Permet des r\u00e9glages personnalis\u00e9s de la lumi\u00e8re avec&#8230;","protected":false},"featured_media":3217,"template":"","meta":{"_acf_changed":false,"_themeisle_gutenberg_block_has_review":false},"product_brand":[],"product_cat":[1520],"product_tag":[],"class_list":{"0":"post-3829","1":"product","2":"type-product","3":"status-publish","4":"has-post-thumbnail","6":"product_cat-commandes-et-composantes-electriques-equipement-de-production-d-doeufs","8":"first","9":"instock","10":"taxable","11":"shipping-taxable","12":"product-type-simple"},"acf":[],"_links":{"self":[{"href":"https:\/\/clarkagsystems.com\/fr\/wp-json\/wp\/v2\/product\/3829","targetHints":{"allow":["GET"]}}],"collection":[{"href":"https:\/\/clarkagsystems.com\/fr\/wp-json\/wp\/v2\/product"}],"about":[{"href":"https:\/\/clarkagsystems.com\/fr\/wp-json\/wp\/v2\/types\/product"}],"wp:featuredmedia":[{"embeddable":true,"href":"https:\/\/clarkagsystems.com\/fr\/wp-json\/wp\/v2\/media\/3217"}],"wp:attachment":[{"href":"https:\/\/clarkagsystems.com\/fr\/wp-json\/wp\/v2\/media?parent=3829"}],"wp:term":[{"taxonomy":"product_brand","embeddable":true,"href":"https:\/\/clarkagsystems.com\/fr\/wp-json\/wp\/v2\/product_brand?post=3829"},{"taxonomy":"product_cat","embeddable":true,"href":"https:\/\/clarkagsystems.com\/fr\/wp-json\/wp\/v2\/product_cat?post=3829"},{"taxonomy":"product_tag","embeddable":true,"href":"https:\/\/clarkagsystems.com\/fr\/wp-json\/wp\/v2\/product_tag?post=3829"}],"curies":[{"name":"wp","href":"https:\/\/api.w.org\/{rel}","templated":true}]}}