{"id":3838,"date":"2021-06-03T21:03:01","date_gmt":"2021-06-03T21:03:01","guid":{"rendered":"https:\/\/clarkagsystems.com\/?post_type=product&#038;p=3838"},"modified":"2025-05-28T17:11:21","modified_gmt":"2025-05-28T17:11:21","slug":"pulsa-hato-3","status":"publish","type":"product","link":"https:\/\/clarkagsystems.com\/fr\/poultry-equipment-for-sale\/equipement-d-elevage-de-poulets-de-chair\/pulsa-hato-3\/","title":{"rendered":"HATO Pulsa"},"content":{"rendered":"<p>Le HATO Pulsa est une solution d \u00ab \u00e9clairage LED pr\u00eate \u00e0 l&#8217;emploi con\u00e7ue pour am\u00e9liorer le bien-\u00eatre des volailles et les performances de l \u00bb \u00e9levage.<\/p>\n<ul>\n<li>Sans scintillement et graduable de 0 \u00e0 100 % pour r\u00e9duire le stress des oiseaux et simuler les cycles de lumi\u00e8re naturelle.<\/li>\n<li>Disponible en plusieurs temp\u00e9ratures de couleur, y compris blanc chaud, blanc froid, bleu et rouge, pour r\u00e9pondre aux diff\u00e9rents besoins des volailles.<\/li>\n<li>Class\u00e9 IP67 pour la r\u00e9sistance \u00e0 l&rsquo;eau et \u00e0 la poussi\u00e8re, il garantit la durabilit\u00e9 dans les environnements difficiles des b\u00e2timents d&rsquo;\u00e9levage.<\/li>\n<li>Longue dur\u00e9e de vie (jusqu&rsquo;\u00e0 50 000 heures), ce qui minimise les co\u00fbts de maintenance et de remplacement.<\/li>\n<\/ul>\n","protected":false},"excerpt":{"rendered":"Le HATO Pulsa est une solution d \u00ab \u00e9clairage LED pr\u00eate \u00e0 l&#8217;emploi con\u00e7ue pour am\u00e9liorer le bien-\u00eatre des volailles et les performances de l \u00bb \u00e9levage. Sans scintillement et graduable de 0 \u00e0 100 % pour r\u00e9duire le stress des oiseaux et simuler les cycles de lumi\u00e8re naturelle. Disponible en plusieurs temp\u00e9ratures de couleur,&#8230;","protected":false},"featured_media":3216,"template":"","meta":{"_acf_changed":false,"_themeisle_gutenberg_block_has_review":false},"product_brand":[],"product_cat":[1514],"product_tag":[],"class_list":{"0":"post-3838","1":"product","2":"type-product","3":"status-publish","4":"has-post-thumbnail","6":"product_cat-eclairage-equipement-de-production-d-doeufs-equipement-d-elevage-de-poulets-de-chair-equipement-de-production-d-doeufs","8":"first","9":"instock","10":"taxable","11":"shipping-taxable","12":"product-type-simple"},"acf":[],"_links":{"self":[{"href":"https:\/\/clarkagsystems.com\/fr\/wp-json\/wp\/v2\/product\/3838","targetHints":{"allow":["GET"]}}],"collection":[{"href":"https:\/\/clarkagsystems.com\/fr\/wp-json\/wp\/v2\/product"}],"about":[{"href":"https:\/\/clarkagsystems.com\/fr\/wp-json\/wp\/v2\/types\/product"}],"wp:featuredmedia":[{"embeddable":true,"href":"https:\/\/clarkagsystems.com\/fr\/wp-json\/wp\/v2\/media\/3216"}],"wp:attachment":[{"href":"https:\/\/clarkagsystems.com\/fr\/wp-json\/wp\/v2\/media?parent=3838"}],"wp:term":[{"taxonomy":"product_brand","embeddable":true,"href":"https:\/\/clarkagsystems.com\/fr\/wp-json\/wp\/v2\/product_brand?post=3838"},{"taxonomy":"product_cat","embeddable":true,"href":"https:\/\/clarkagsystems.com\/fr\/wp-json\/wp\/v2\/product_cat?post=3838"},{"taxonomy":"product_tag","embeddable":true,"href":"https:\/\/clarkagsystems.com\/fr\/wp-json\/wp\/v2\/product_tag?post=3838"}],"curies":[{"name":"wp","href":"https:\/\/api.w.org\/{rel}","templated":true}]}}