{"id":3844,"date":"2021-06-03T21:02:59","date_gmt":"2021-06-03T21:02:59","guid":{"rendered":"https:\/\/clarkagsystems.com\/?post_type=product&#038;p=3844"},"modified":"2025-05-28T17:15:24","modified_gmt":"2025-05-28T17:15:24","slug":"luxmetre-hato-one-3","status":"publish","type":"product","link":"https:\/\/clarkagsystems.com\/fr\/poultry-equipment-for-sale\/equipement-d-elevage-de-poulets-de-chair\/luxmetre-hato-one-3\/","title":{"rendered":"Compteur de lumi\u00e8re HATO ONE"},"content":{"rendered":"<p>Le HATO ONE est un luxm\u00e8tre avanc\u00e9, tout-en-un, con\u00e7u sp\u00e9cifiquement pour les environnements avicoles. Il fournit des mesures et des analyses pr\u00e9cises afin d&rsquo;optimiser l&rsquo;\u00e9clairage pour le bien-\u00eatre et les performances des oiseaux.<\/p>\n<ul>\n<li>Mesure les principaux param\u00e8tres d&rsquo;\u00e9clairage, notamment le gallilux, le scintillement, le spectre et l&rsquo;IRC.<\/li>\n<li>Fournit des analyses et des rapports approfondis afin d&rsquo;identifier les domaines \u00e0 am\u00e9liorer.<\/li>\n<li>Permet d&rsquo;ajuster l&rsquo;\u00e9clairage sur la base de donn\u00e9es pr\u00e9cises en temps r\u00e9el.<\/li>\n<li>Il peut \u00eatre utilis\u00e9 comme appareil portatif ou \u00e0 distance via une application d\u00e9di\u00e9e.<\/li>\n<li>Favorise une meilleure prise alimentaire, une r\u00e9duction du stress et une meilleure productivit\u00e9 du troupeau.<\/li>\n<\/ul>\n","protected":false},"excerpt":{"rendered":"Le HATO ONE est un luxm\u00e8tre avanc\u00e9, tout-en-un, con\u00e7u sp\u00e9cifiquement pour les environnements avicoles. Il fournit des mesures et des analyses pr\u00e9cises afin d&rsquo;optimiser l&rsquo;\u00e9clairage pour le bien-\u00eatre et les performances des oiseaux. Mesure les principaux param\u00e8tres d&rsquo;\u00e9clairage, notamment le gallilux, le scintillement, le spectre et l&rsquo;IRC. Fournit des analyses et des rapports approfondis afin&#8230;","protected":false},"featured_media":3215,"template":"","meta":{"_acf_changed":false,"_themeisle_gutenberg_block_has_review":false},"product_brand":[],"product_cat":[1514],"product_tag":[],"class_list":{"0":"post-3844","1":"product","2":"type-product","3":"status-publish","4":"has-post-thumbnail","6":"product_cat-eclairage-equipement-de-production-d-doeufs-equipement-d-elevage-de-poulets-de-chair-equipement-de-production-d-doeufs","8":"first","9":"instock","10":"taxable","11":"shipping-taxable","12":"product-type-simple"},"acf":[],"_links":{"self":[{"href":"https:\/\/clarkagsystems.com\/fr\/wp-json\/wp\/v2\/product\/3844","targetHints":{"allow":["GET"]}}],"collection":[{"href":"https:\/\/clarkagsystems.com\/fr\/wp-json\/wp\/v2\/product"}],"about":[{"href":"https:\/\/clarkagsystems.com\/fr\/wp-json\/wp\/v2\/types\/product"}],"wp:featuredmedia":[{"embeddable":true,"href":"https:\/\/clarkagsystems.com\/fr\/wp-json\/wp\/v2\/media\/3215"}],"wp:attachment":[{"href":"https:\/\/clarkagsystems.com\/fr\/wp-json\/wp\/v2\/media?parent=3844"}],"wp:term":[{"taxonomy":"product_brand","embeddable":true,"href":"https:\/\/clarkagsystems.com\/fr\/wp-json\/wp\/v2\/product_brand?post=3844"},{"taxonomy":"product_cat","embeddable":true,"href":"https:\/\/clarkagsystems.com\/fr\/wp-json\/wp\/v2\/product_cat?post=3844"},{"taxonomy":"product_tag","embeddable":true,"href":"https:\/\/clarkagsystems.com\/fr\/wp-json\/wp\/v2\/product_tag?post=3844"}],"curies":[{"name":"wp","href":"https:\/\/api.w.org\/{rel}","templated":true}]}}