{"id":3890,"date":"2021-06-03T21:02:55","date_gmt":"2021-06-03T21:02:55","guid":{"rendered":"https:\/\/clarkagsystems.com\/?post_type=product&#038;p=3890"},"modified":"2025-05-23T16:23:09","modified_gmt":"2025-05-23T16:23:09","slug":"controleur-gsi-edge","status":"publish","type":"product","link":"https:\/\/clarkagsystems.com\/fr\/poultry-equipment-for-sale\/equipement-de-production-de-dinde\/controleur-gsi-edge\/","title":{"rendered":"Contr\u00f4leur GSI Edge"},"content":{"rendered":"<p>EDGE\u00ae est une plate-forme unique polyvalente et intuitive qui lui permet de g\u00e9rer toutes les fonctions de contr\u00f4le pour les poulets de chair, les \u00e9leveurs, les poulettes, les pondeuses, les dindes et pratiquement toute autre application de volaille. Gr\u00e2ce \u00e0 sa conception unique, EDGE est le seul contr\u00f4leur sur le march\u00e9 qui peut \u00eatre configur\u00e9 pour r\u00e9pondre aux exigences sp\u00e9cifiques de votre exploitation et est suffisamment flexible pour \u00eatre adapt\u00e9 aux maisons nouvelles ou existantes. Tout au long des \u00e9tapes de croissance de vos oiseaux, la gestion des syst\u00e8mes CVC, d&rsquo;\u00e9clairage, de nutrition et de pesage est facilit\u00e9e avec EDGE.<\/p>\n","protected":false},"excerpt":{"rendered":"EDGE\u00ae est une plate-forme unique polyvalente et intuitive qui lui permet de g\u00e9rer toutes les fonctions de contr\u00f4le pour les poulets de chair, les \u00e9leveurs, les poulettes, les pondeuses, les dindes et pratiquement toute autre application de volaille. Gr\u00e2ce \u00e0 sa conception unique, EDGE est le seul contr\u00f4leur sur le march\u00e9 qui peut \u00eatre configur\u00e9&#8230;","protected":false},"featured_media":3315,"template":"","meta":{"_acf_changed":false,"_themeisle_gutenberg_block_has_review":false},"product_brand":[],"product_cat":[1529],"product_tag":[],"class_list":{"0":"post-3890","1":"product","2":"type-product","3":"status-publish","4":"has-post-thumbnail","6":"product_cat-commandes-et-composantes-electriques-equipement-de-production-de-dinde","8":"first","9":"instock","10":"taxable","11":"shipping-taxable","12":"product-type-simple"},"acf":[],"_links":{"self":[{"href":"https:\/\/clarkagsystems.com\/fr\/wp-json\/wp\/v2\/product\/3890","targetHints":{"allow":["GET"]}}],"collection":[{"href":"https:\/\/clarkagsystems.com\/fr\/wp-json\/wp\/v2\/product"}],"about":[{"href":"https:\/\/clarkagsystems.com\/fr\/wp-json\/wp\/v2\/types\/product"}],"wp:featuredmedia":[{"embeddable":true,"href":"https:\/\/clarkagsystems.com\/fr\/wp-json\/wp\/v2\/media\/3315"}],"wp:attachment":[{"href":"https:\/\/clarkagsystems.com\/fr\/wp-json\/wp\/v2\/media?parent=3890"}],"wp:term":[{"taxonomy":"product_brand","embeddable":true,"href":"https:\/\/clarkagsystems.com\/fr\/wp-json\/wp\/v2\/product_brand?post=3890"},{"taxonomy":"product_cat","embeddable":true,"href":"https:\/\/clarkagsystems.com\/fr\/wp-json\/wp\/v2\/product_cat?post=3890"},{"taxonomy":"product_tag","embeddable":true,"href":"https:\/\/clarkagsystems.com\/fr\/wp-json\/wp\/v2\/product_tag?post=3890"}],"curies":[{"name":"wp","href":"https:\/\/api.w.org\/{rel}","templated":true}]}}