{"id":3899,"date":"2021-06-03T21:02:51","date_gmt":"2021-06-03T21:02:51","guid":{"rendered":"https:\/\/clarkagsystems.com\/?post_type=product&#038;p=3899"},"modified":"2025-05-28T17:34:20","modified_gmt":"2025-05-28T17:34:20","slug":"balance-a-bacs-gsi","status":"publish","type":"product","link":"https:\/\/clarkagsystems.com\/fr\/poultry-equipment-for-sale\/equipement-de-production-de-dinde\/balance-a-bacs-gsi\/","title":{"rendered":"Balance \u00e0 bacs GSI Edge"},"content":{"rendered":"<p>Le GSI EDGE Bin Scale offre une visibilit\u00e9 en temps r\u00e9el des niveaux d&rsquo;alimentation, aidant les producteurs \u00e0 g\u00e9rer leurs stocks de mani\u00e8re plus efficace et \u00e0 r\u00e9duire les d\u00e9chets.<\/p>\n<ul>\n<li>Le suivi en continu de l&rsquo;utilisation des aliments pour animaux permet un contr\u00f4le pr\u00e9cis en temps r\u00e9el.<\/li>\n<li>Envoi d&rsquo;alertes automatiques en cas d&rsquo;alimentation insuffisante sur tout appareil connect\u00e9 \u00e0 Internet.<\/li>\n<li>Stocke jusqu&rsquo;\u00e0 180 jours d&rsquo;historique d&rsquo;alimentation pour l&rsquo;analyse des tendances et la planification.<\/li>\n<li>Accessible \u00e0 distance via l&rsquo;interface EDGE bas\u00e9e sur le cloud.<\/li>\n<li>Les cellules de charge robustes fournissent des mesures pr\u00e9cises dans des conditions d&rsquo;\u00e9levage difficiles.<\/li>\n<li>S&rsquo;int\u00e8gre facilement aux syst\u00e8mes de contr\u00f4le EDGE existants pour une gestion centralis\u00e9e.<\/li>\n<\/ul>\n","protected":false},"excerpt":{"rendered":"Le GSI EDGE Bin Scale offre une visibilit\u00e9 en temps r\u00e9el des niveaux d&rsquo;alimentation, aidant les producteurs \u00e0 g\u00e9rer leurs stocks de mani\u00e8re plus efficace et \u00e0 r\u00e9duire les d\u00e9chets. Le suivi en continu de l&rsquo;utilisation des aliments pour animaux permet un contr\u00f4le pr\u00e9cis en temps r\u00e9el. Envoi d&rsquo;alertes automatiques en cas d&rsquo;alimentation insuffisante sur&#8230;","protected":false},"featured_media":3207,"template":"","meta":{"_acf_changed":false,"_themeisle_gutenberg_block_has_review":false},"product_brand":[],"product_cat":[1529],"product_tag":[],"class_list":{"0":"post-3899","1":"product","2":"type-product","3":"status-publish","4":"has-post-thumbnail","6":"product_cat-commandes-et-composantes-electriques-equipement-de-production-de-dinde","8":"first","9":"instock","10":"taxable","11":"shipping-taxable","12":"product-type-simple"},"acf":[],"_links":{"self":[{"href":"https:\/\/clarkagsystems.com\/fr\/wp-json\/wp\/v2\/product\/3899","targetHints":{"allow":["GET"]}}],"collection":[{"href":"https:\/\/clarkagsystems.com\/fr\/wp-json\/wp\/v2\/product"}],"about":[{"href":"https:\/\/clarkagsystems.com\/fr\/wp-json\/wp\/v2\/types\/product"}],"wp:featuredmedia":[{"embeddable":true,"href":"https:\/\/clarkagsystems.com\/fr\/wp-json\/wp\/v2\/media\/3207"}],"wp:attachment":[{"href":"https:\/\/clarkagsystems.com\/fr\/wp-json\/wp\/v2\/media?parent=3899"}],"wp:term":[{"taxonomy":"product_brand","embeddable":true,"href":"https:\/\/clarkagsystems.com\/fr\/wp-json\/wp\/v2\/product_brand?post=3899"},{"taxonomy":"product_cat","embeddable":true,"href":"https:\/\/clarkagsystems.com\/fr\/wp-json\/wp\/v2\/product_cat?post=3899"},{"taxonomy":"product_tag","embeddable":true,"href":"https:\/\/clarkagsystems.com\/fr\/wp-json\/wp\/v2\/product_tag?post=3899"}],"curies":[{"name":"wp","href":"https:\/\/api.w.org\/{rel}","templated":true}]}}