{"id":3928,"date":"2021-06-03T21:02:42","date_gmt":"2021-06-03T21:02:42","guid":{"rendered":"https:\/\/clarkagsystems.com\/?post_type=product&#038;p=3928"},"modified":"2025-05-28T17:52:42","modified_gmt":"2025-05-28T17:52:42","slug":"radiateur-exacon-guardian-3","status":"publish","type":"product","link":"https:\/\/clarkagsystems.com\/fr\/poultry-equipment-for-sale\/equipement-d-elevage-de-poulets-de-chair\/radiateur-exacon-guardian-3\/","title":{"rendered":"Guardian Box Heater"},"content":{"rendered":"<p>Le Guardian Box Heater 2.0 est un chauffage de confiance, \u00e0 feu direct, con\u00e7u pour une chaleur fiable et efficace dans les poulaillers et autres b\u00e2timents de confinement agricoles.<\/p>\n<ul>\n<li>Fournit une chaleur constante et r\u00e9glable avec une puissance variable.<\/li>\n<li>La conception \u00e0 combustion directe tr\u00e8s efficace minimise le gaspillage d&rsquo;\u00e9nergie.<\/li>\n<li>Disponible en plusieurs mod\u00e8les : 60 000, 100 000 ou 250 000 BTU\/h.<\/li>\n<li>Choisissez entre l&rsquo;allumage par \u00e9tincelle ou l&rsquo;allumage par surface chaude pour vous adapter \u00e0 votre installation.<\/li>\n<li>Certifi\u00e9 CSA pour la s\u00e9curit\u00e9 et la conformit\u00e9 dans les environnements agricoles.<\/li>\n<\/ul>\n","protected":false},"excerpt":{"rendered":"Le Guardian Box Heater 2.0 est un chauffage de confiance, \u00e0 feu direct, con\u00e7u pour une chaleur fiable et efficace dans les poulaillers et autres b\u00e2timents de confinement agricoles. Fournit une chaleur constante et r\u00e9glable avec une puissance variable. La conception \u00e0 combustion directe tr\u00e8s efficace minimise le gaspillage d&rsquo;\u00e9nergie. Disponible en plusieurs mod\u00e8les :&#8230;","protected":false},"featured_media":4028,"template":"","meta":{"_acf_changed":false,"_themeisle_gutenberg_block_has_review":false},"product_brand":[],"product_cat":[1513],"product_tag":[],"class_list":{"0":"post-3928","1":"product","2":"type-product","3":"status-publish","4":"has-post-thumbnail","6":"product_cat-chauffage-equipement-de-production-d-doeufs-equipement-d-elevage-de-poulets-de-chair-equipement-de-production-d-doeufs","8":"first","9":"instock","10":"taxable","11":"shipping-taxable","12":"product-type-simple"},"acf":[],"_links":{"self":[{"href":"https:\/\/clarkagsystems.com\/fr\/wp-json\/wp\/v2\/product\/3928","targetHints":{"allow":["GET"]}}],"collection":[{"href":"https:\/\/clarkagsystems.com\/fr\/wp-json\/wp\/v2\/product"}],"about":[{"href":"https:\/\/clarkagsystems.com\/fr\/wp-json\/wp\/v2\/types\/product"}],"wp:featuredmedia":[{"embeddable":true,"href":"https:\/\/clarkagsystems.com\/fr\/wp-json\/wp\/v2\/media\/4028"}],"wp:attachment":[{"href":"https:\/\/clarkagsystems.com\/fr\/wp-json\/wp\/v2\/media?parent=3928"}],"wp:term":[{"taxonomy":"product_brand","embeddable":true,"href":"https:\/\/clarkagsystems.com\/fr\/wp-json\/wp\/v2\/product_brand?post=3928"},{"taxonomy":"product_cat","embeddable":true,"href":"https:\/\/clarkagsystems.com\/fr\/wp-json\/wp\/v2\/product_cat?post=3928"},{"taxonomy":"product_tag","embeddable":true,"href":"https:\/\/clarkagsystems.com\/fr\/wp-json\/wp\/v2\/product_tag?post=3928"}],"curies":[{"name":"wp","href":"https:\/\/api.w.org\/{rel}","templated":true}]}}