{"id":3930,"date":"2021-06-03T21:02:41","date_gmt":"2021-06-03T21:02:41","guid":{"rendered":"https:\/\/clarkagsystems.com\/?post_type=product&#038;p=3930"},"modified":"2025-05-28T14:59:36","modified_gmt":"2025-05-28T14:59:36","slug":"ventilateurs-en-fibre-de-verre-exacon","status":"publish","type":"product","link":"https:\/\/clarkagsystems.com\/fr\/poultry-equipment-for-sale\/refroidissement-et-ventilation-de-volaille\/ventilateurs-en-fibre-de-verre-exacon\/","title":{"rendered":"Ventilateurs de grange en fibre de verre Exacon"},"content":{"rendered":"<p>Les ventilateurs d \u00ab \u00e9table en fibre de verre Exacon sont con\u00e7us pour une ventilation performante en milieu agricole, offrant durabilit\u00e9, efficacit\u00e9 et adaptabilit\u00e9 pour les b\u00e2timents d \u00bb \u00e9levage et les serres ventil\u00e9s en tunnel ou en longueur.<\/p>\n<ul>\n<li>Les bo\u00eetiers en fibre de verre r\u00e9sistants \u00e0 la corrosion garantissent la long\u00e9vit\u00e9 dans les environnements difficiles.<\/li>\n<li>Disponibles en plusieurs mod\u00e8les, notamment les ventilateurs \u00e0 entra\u00eenement direct de 54\u2033 et 72\u2033, et les ventilateurs \u00e0 caisson galvanis\u00e9 Multifan 50\u2033 et 54\u2033.<\/li>\n<li>Con\u00e7ue pour offrir des performances et une efficacit\u00e9 \u00e9lev\u00e9es en mati\u00e8re d&rsquo;air, elle garantit un flux d&rsquo;air optimal.<\/li>\n<li>Convient \u00e0 un large \u00e9ventail d&rsquo;applications, y compris les installations avicoles, porcines, laiti\u00e8res et horticoles.<\/li>\n<li>Compatible avec les accessoires optionnels tels que les c\u00f4nes en poly\u00e9thyl\u00e8ne et les couvercles isol\u00e9s pour une meilleure performance.<\/li>\n<li>Facile \u00e0 installer et \u00e0 entretenir, ce qui contribue \u00e0 r\u00e9duire les co\u00fbts d&rsquo;exploitation.<\/li>\n<\/ul>\n","protected":false},"excerpt":{"rendered":"Les ventilateurs d \u00ab \u00e9table en fibre de verre Exacon sont con\u00e7us pour une ventilation performante en milieu agricole, offrant durabilit\u00e9, efficacit\u00e9 et adaptabilit\u00e9 pour les b\u00e2timents d \u00bb \u00e9levage et les serres ventil\u00e9s en tunnel ou en longueur. Les bo\u00eetiers en fibre de verre r\u00e9sistants \u00e0 la corrosion garantissent la long\u00e9vit\u00e9 dans les environnements&#8230;","protected":false},"featured_media":3403,"template":"","meta":{"_acf_changed":false,"_themeisle_gutenberg_block_has_review":false},"product_brand":[],"product_cat":[1538],"product_tag":[],"class_list":{"0":"post-3930","1":"product","2":"type-product","3":"status-publish","4":"has-post-thumbnail","6":"product_cat-ventilateurs-refroidissement-et-ventilation-de-volaille","8":"first","9":"instock","10":"taxable","11":"shipping-taxable","12":"product-type-simple"},"acf":[],"_links":{"self":[{"href":"https:\/\/clarkagsystems.com\/fr\/wp-json\/wp\/v2\/product\/3930","targetHints":{"allow":["GET"]}}],"collection":[{"href":"https:\/\/clarkagsystems.com\/fr\/wp-json\/wp\/v2\/product"}],"about":[{"href":"https:\/\/clarkagsystems.com\/fr\/wp-json\/wp\/v2\/types\/product"}],"wp:featuredmedia":[{"embeddable":true,"href":"https:\/\/clarkagsystems.com\/fr\/wp-json\/wp\/v2\/media\/3403"}],"wp:attachment":[{"href":"https:\/\/clarkagsystems.com\/fr\/wp-json\/wp\/v2\/media?parent=3930"}],"wp:term":[{"taxonomy":"product_brand","embeddable":true,"href":"https:\/\/clarkagsystems.com\/fr\/wp-json\/wp\/v2\/product_brand?post=3930"},{"taxonomy":"product_cat","embeddable":true,"href":"https:\/\/clarkagsystems.com\/fr\/wp-json\/wp\/v2\/product_cat?post=3930"},{"taxonomy":"product_tag","embeddable":true,"href":"https:\/\/clarkagsystems.com\/fr\/wp-json\/wp\/v2\/product_tag?post=3930"}],"curies":[{"name":"wp","href":"https:\/\/api.w.org\/{rel}","templated":true}]}}