{"id":3932,"date":"2021-06-03T21:02:40","date_gmt":"2021-06-03T21:02:40","guid":{"rendered":"https:\/\/clarkagsystems.com\/?post_type=product&#038;p=3932"},"modified":"2025-05-28T18:00:28","modified_gmt":"2025-05-28T18:00:28","slug":"traitements-chemilizer","status":"publish","type":"product","link":"https:\/\/clarkagsystems.com\/fr\/poultry-equipment-for-sale\/equipement-de-production-de-dinde\/traitements-chemilizer\/","title":{"rendered":"M\u00e9dicaments chimilisants"},"content":{"rendered":"<p>Le Chemilizer Medicator est un m\u00e9dicament durable, aliment\u00e9 par l&rsquo;eau, qui associe la technologie de la pompe \u00e0 membrane \u00e0 un syst\u00e8me d&rsquo;injection de produits chimiques par d\u00e9rivation, ce qui en fait l&rsquo;une des options les plus fiables dans les environnements de production animale.<\/p>\n<ul>\n<li>Fonctionne sans \u00e9lectricit\u00e9 gr\u00e2ce \u00e0 l&rsquo;\u00e9nergie hydraulique.<\/li>\n<li>La pompe \u00e0 membrane g\u00e8re les faibles d\u00e9bits et la mauvaise qualit\u00e9 de l&rsquo;eau &#8211; id\u00e9ale pour l&rsquo;eau d&rsquo;un \u00e9tang ou d&rsquo;un puits.<\/li>\n<li>L&rsquo;injection en d\u00e9rivation emp\u00eache les produits chimiques de p\u00e9n\u00e9trer dans le moteur, ce qui pr\u00e9vient la corrosion et prolonge la dur\u00e9e de vie.<\/li>\n<li>Conception \u00e9conomique n\u00e9cessitant peu d&rsquo;entretien, avec six taux de dilution disponibles.<\/li>\n<\/ul>\n","protected":false},"excerpt":{"rendered":"Le Chemilizer Medicator est un m\u00e9dicament durable, aliment\u00e9 par l&rsquo;eau, qui associe la technologie de la pompe \u00e0 membrane \u00e0 un syst\u00e8me d&rsquo;injection de produits chimiques par d\u00e9rivation, ce qui en fait l&rsquo;une des options les plus fiables dans les environnements de production animale. Fonctionne sans \u00e9lectricit\u00e9 gr\u00e2ce \u00e0 l&rsquo;\u00e9nergie hydraulique. La pompe \u00e0 membrane&#8230;","protected":false},"featured_media":3397,"template":"","meta":{"_acf_changed":false,"_themeisle_gutenberg_block_has_review":false},"product_brand":[],"product_cat":[1534],"product_tag":[],"class_list":{"0":"post-3932","1":"product","2":"type-product","3":"status-publish","4":"has-post-thumbnail","6":"product_cat-systemes-dabreuvement-equipement-de-production-de-dinde","8":"first","9":"instock","10":"taxable","11":"shipping-taxable","12":"product-type-simple"},"acf":[],"_links":{"self":[{"href":"https:\/\/clarkagsystems.com\/fr\/wp-json\/wp\/v2\/product\/3932","targetHints":{"allow":["GET"]}}],"collection":[{"href":"https:\/\/clarkagsystems.com\/fr\/wp-json\/wp\/v2\/product"}],"about":[{"href":"https:\/\/clarkagsystems.com\/fr\/wp-json\/wp\/v2\/types\/product"}],"wp:featuredmedia":[{"embeddable":true,"href":"https:\/\/clarkagsystems.com\/fr\/wp-json\/wp\/v2\/media\/3397"}],"wp:attachment":[{"href":"https:\/\/clarkagsystems.com\/fr\/wp-json\/wp\/v2\/media?parent=3932"}],"wp:term":[{"taxonomy":"product_brand","embeddable":true,"href":"https:\/\/clarkagsystems.com\/fr\/wp-json\/wp\/v2\/product_brand?post=3932"},{"taxonomy":"product_cat","embeddable":true,"href":"https:\/\/clarkagsystems.com\/fr\/wp-json\/wp\/v2\/product_cat?post=3932"},{"taxonomy":"product_tag","embeddable":true,"href":"https:\/\/clarkagsystems.com\/fr\/wp-json\/wp\/v2\/product_tag?post=3932"}],"curies":[{"name":"wp","href":"https:\/\/api.w.org\/{rel}","templated":true}]}}