{"id":3946,"date":"2021-06-03T21:02:36","date_gmt":"2021-06-03T21:02:36","guid":{"rendered":"https:\/\/clarkagsystems.com\/?post_type=product&#038;p=3946"},"modified":"2025-05-28T18:06:24","modified_gmt":"2025-05-28T18:06:24","slug":"radiateur-brant-radiant-2","status":"publish","type":"product","link":"https:\/\/clarkagsystems.com\/fr\/poultry-equipment-for-sale\/equipement-de-production-d-doeufs\/radiateur-brant-radiant-2\/","title":{"rendered":"Radiateur Brant Radiant"},"content":{"rendered":"<p>Le Brant Radiant Box Heater est une solution de chauffage compacte et performante, id\u00e9ale pour les poulaillers et les b\u00e2timents agricoles o\u00f9 la chaleur infrarouge n&rsquo;est pas pratique en raison de la hauteur du plafond, des restrictions de d\u00e9gagement ou de l&rsquo;agencement de l&rsquo;installation.<\/p>\n<ul>\n<li>Offre une combustion s\u00e9par\u00e9e ou un fonctionnement \u00e0 ventilation assist\u00e9e d\u00e8s sa sortie de l&#8217;emballage.<\/li>\n<li>Comprend des grilles d&rsquo;\u00e9vacuation en acier inoxydable et des \u00e9changeurs de chaleur en acier aluminis\u00e9 pour une plus grande durabilit\u00e9.<\/li>\n<li>Con\u00e7u pour \u00eatre efficace dans les b\u00e2timents d&rsquo;\u00e9levage \u00e0 plafond bas ou \u00e0 d\u00e9gagement de combustible r\u00e9duit.<\/li>\n<li>Le design compact et discret allie la fonction et l&rsquo;apparence dans les environnements agricoles.<\/li>\n<\/ul>\n","protected":false},"excerpt":{"rendered":"Le Brant Radiant Box Heater est une solution de chauffage compacte et performante, id\u00e9ale pour les poulaillers et les b\u00e2timents agricoles o\u00f9 la chaleur infrarouge n&rsquo;est pas pratique en raison de la hauteur du plafond, des restrictions de d\u00e9gagement ou de l&rsquo;agencement de l&rsquo;installation. Offre une combustion s\u00e9par\u00e9e ou un fonctionnement \u00e0 ventilation assist\u00e9e d\u00e8s&#8230;","protected":false},"featured_media":3258,"template":"","meta":{"_acf_changed":false,"_themeisle_gutenberg_block_has_review":false},"product_brand":[],"product_cat":[1524],"product_tag":[],"class_list":{"0":"post-3946","1":"product","2":"type-product","3":"status-publish","4":"has-post-thumbnail","6":"product_cat-chauffage-equipement-de-production-d-doeufs","8":"first","9":"instock","10":"taxable","11":"shipping-taxable","12":"product-type-simple"},"acf":[],"_links":{"self":[{"href":"https:\/\/clarkagsystems.com\/fr\/wp-json\/wp\/v2\/product\/3946","targetHints":{"allow":["GET"]}}],"collection":[{"href":"https:\/\/clarkagsystems.com\/fr\/wp-json\/wp\/v2\/product"}],"about":[{"href":"https:\/\/clarkagsystems.com\/fr\/wp-json\/wp\/v2\/types\/product"}],"wp:featuredmedia":[{"embeddable":true,"href":"https:\/\/clarkagsystems.com\/fr\/wp-json\/wp\/v2\/media\/3258"}],"wp:attachment":[{"href":"https:\/\/clarkagsystems.com\/fr\/wp-json\/wp\/v2\/media?parent=3946"}],"wp:term":[{"taxonomy":"product_brand","embeddable":true,"href":"https:\/\/clarkagsystems.com\/fr\/wp-json\/wp\/v2\/product_brand?post=3946"},{"taxonomy":"product_cat","embeddable":true,"href":"https:\/\/clarkagsystems.com\/fr\/wp-json\/wp\/v2\/product_cat?post=3946"},{"taxonomy":"product_tag","embeddable":true,"href":"https:\/\/clarkagsystems.com\/fr\/wp-json\/wp\/v2\/product_tag?post=3946"}],"curies":[{"name":"wp","href":"https:\/\/api.w.org\/{rel}","templated":true}]}}