{"id":3949,"date":"2021-06-03T21:02:35","date_gmt":"2021-06-03T21:02:35","guid":{"rendered":"https:\/\/clarkagsystems.com\/?post_type=product&#038;p=3949"},"modified":"2025-05-27T15:38:54","modified_gmt":"2025-05-27T15:38:54","slug":"mangeoire-big-dutchman-unigrow","status":"publish","type":"product","link":"https:\/\/clarkagsystems.com\/fr\/poultry-equipment-for-sale\/equipement-d-elevage-de-poulets-de-chair\/mangeoire-big-dutchman-unigrow\/","title":{"rendered":"Bac d&rsquo;alimentation UniGROW 360 de Big Dutchman"},"content":{"rendered":"<p>La mangeoire UniGROW 360 est con\u00e7ue pour assurer un acc\u00e8s homog\u00e8ne \u00e0 la nourriture, r\u00e9duire les d\u00e9chets et \u00e9conomiser de la main d&rsquo;\u0153uvre \u00e0 tous les stades de la croissance des poulets de chair.<\/p>\n<ul>\n<li>Les crues s&rsquo;\u00e9coulent sur un cercle complet de 360\u00b0 pour un acc\u00e8s uniforme et des d\u00e9marrages plus rapides.<\/li>\n<li>R\u00e9glable en quelques minutes de la hauteur d&rsquo;inondation \u00e0 la hauteur de croissance &#8211; aucun r\u00e9glage manuel n&rsquo;est n\u00e9cessaire.<\/li>\n<li>Les aliments s&rsquo;\u00e9coulent librement sans formation de ponts, ce qui minimise le travail et maximise la consommation.<\/li>\n<li>Les multiples r\u00e9glages du niveau d&rsquo;alimentation permettent une alimentation fine ou grossi\u00e8re pour une meilleure efficacit\u00e9.<\/li>\n<li>L&rsquo;\u00e9pandeur brevet\u00e9 \u00e0 goutte d&rsquo;eau assure une distribution uniforme et emp\u00eache les accumulations.<\/li>\n<\/ul>\n","protected":false},"excerpt":{"rendered":"La mangeoire UniGROW 360 est con\u00e7ue pour assurer un acc\u00e8s homog\u00e8ne \u00e0 la nourriture, r\u00e9duire les d\u00e9chets et \u00e9conomiser de la main d&rsquo;\u0153uvre \u00e0 tous les stades de la croissance des poulets de chair. Les crues s&rsquo;\u00e9coulent sur un cercle complet de 360\u00b0 pour un acc\u00e8s uniforme et des d\u00e9marrages plus rapides. R\u00e9glable en quelques&#8230;","protected":false},"featured_media":3202,"template":"","meta":{"_acf_changed":false,"_themeisle_gutenberg_block_has_review":false},"product_brand":[],"product_cat":[1512],"product_tag":[],"class_list":{"0":"post-3949","1":"product","2":"type-product","3":"status-publish","4":"has-post-thumbnail","6":"product_cat-mangeoires-equipement-de-production-d-doeufs","8":"first","9":"instock","10":"taxable","11":"shipping-taxable","12":"product-type-simple"},"acf":[],"_links":{"self":[{"href":"https:\/\/clarkagsystems.com\/fr\/wp-json\/wp\/v2\/product\/3949","targetHints":{"allow":["GET"]}}],"collection":[{"href":"https:\/\/clarkagsystems.com\/fr\/wp-json\/wp\/v2\/product"}],"about":[{"href":"https:\/\/clarkagsystems.com\/fr\/wp-json\/wp\/v2\/types\/product"}],"wp:featuredmedia":[{"embeddable":true,"href":"https:\/\/clarkagsystems.com\/fr\/wp-json\/wp\/v2\/media\/3202"}],"wp:attachment":[{"href":"https:\/\/clarkagsystems.com\/fr\/wp-json\/wp\/v2\/media?parent=3949"}],"wp:term":[{"taxonomy":"product_brand","embeddable":true,"href":"https:\/\/clarkagsystems.com\/fr\/wp-json\/wp\/v2\/product_brand?post=3949"},{"taxonomy":"product_cat","embeddable":true,"href":"https:\/\/clarkagsystems.com\/fr\/wp-json\/wp\/v2\/product_cat?post=3949"},{"taxonomy":"product_tag","embeddable":true,"href":"https:\/\/clarkagsystems.com\/fr\/wp-json\/wp\/v2\/product_tag?post=3949"}],"curies":[{"name":"wp","href":"https:\/\/api.w.org\/{rel}","templated":true}]}}